{"id":758,"date":"2022-11-08T20:58:31","date_gmt":"2022-11-08T18:58:31","guid":{"rendered":"https:\/\/salo-uskelanseura.fi\/?page_id=758"},"modified":"2025-10-16T06:53:44","modified_gmt":"2025-10-16T04:53:44","slug":"salo-uskelan-seura-ry","status":"publish","type":"page","link":"https:\/\/salo-uskelanseura.fi\/","title":{"rendered":"Salo-Uskelan Seura ry."},"content":{"rendered":"\n<p>Salo-Uskelan Seura ry on vuonna 1955 perustettu&nbsp; kotiseutuyhdistys, joka tallentaa perinnetietoa ja vaalii kotiseutuhenke\u00e4. Yhdistyksell\u00e4 on&nbsp;muun muassa mittava vanhojen valokuvien arkisto.&nbsp;Vuodesta 1967 yhdistys on julkaissut&nbsp;kotiseutulehti Hakastarolaista.&nbsp;Lis\u00e4ksi yhdistys on tehnyt vanhojen valokuvien pohjalta n\u00e4yttelyit\u00e4 sek\u00e4 kuvakalentereita.&nbsp;&nbsp;Vuosittain yhdistys j\u00e4rjest\u00e4\u00e4 my\u00f6s niin sanotut vihtatalkoot ja retki\u00e4.<\/p>\n\n\n\n<p><\/p>\n\n\n<div class=\"wp-block-image\">\n<figure class=\"alignleft size-full is-resized\"><img loading=\"lazy\" decoding=\"async\" width=\"296\" height=\"295\" src=\"https:\/\/salo-uskelanseura.fi\/wp-content\/uploads\/2022\/11\/Jasentunnus-300dpi_kulmaton.png\" alt=\"\" class=\"wp-image-804\" style=\"width:120px;height:120px\" srcset=\"https:\/\/salo-uskelanseura.fi\/wp-content\/uploads\/2022\/11\/Jasentunnus-300dpi_kulmaton.png 296w, https:\/\/salo-uskelanseura.fi\/wp-content\/uploads\/2022\/11\/Jasentunnus-300dpi_kulmaton-150x150.png 150w\" sizes=\"auto, (max-width: 296px) 100vw, 296px\" \/><\/figure>\n<\/div>\n\n\n<p>Seura on Suomen Kotiseutuliiton j\u00e4senyhdistys.<\/p>\n\n\n\n<p><\/p>\n\n\n\n<p><\/p>\n\n\n\n<figure class=\"wp-block-image size-full is-resized\"><img loading=\"lazy\" decoding=\"async\" width=\"567\" height=\"393\" src=\"https:\/\/salo-uskelanseura.fi\/wp-content\/uploads\/2019\/01\/nk742nettiin.jpg\" alt=\"\" class=\"wp-image-107\" style=\"width:610px;height:auto\" srcset=\"https:\/\/salo-uskelanseura.fi\/wp-content\/uploads\/2019\/01\/nk742nettiin.jpg 567w, https:\/\/salo-uskelanseura.fi\/wp-content\/uploads\/2019\/01\/nk742nettiin-300x208.jpg 300w\" sizes=\"auto, (max-width: 567px) 100vw, 567px\" \/><figcaption class=\"wp-element-caption\">Kansakoulun oppilaita kasvitarhassa 1910 Uskelan Moisiossa. Oikealla opettaja Hanna Kallio. Kuva Salo-Uskelan Seura \/ Niilo Kallion kuvakokoelma.<\/figcaption><\/figure>\n","protected":false},"excerpt":{"rendered":"<p>Salo-Uskelan Seura ry on vuonna 1955 perustettu&nbsp; kotiseutuyhdistys, joka tallentaa perinnetietoa ja vaalii kotiseutuhenke\u00e4. Yhdistyksell\u00e4 on&nbsp;muun muassa mittava vanhojen valokuvien arkisto.&nbsp;Vuodesta 1967 yhdistys on julkaissut&nbsp;kotiseutulehti Hakastarolaista.&nbsp;Lis\u00e4ksi yhdistys on tehnyt vanhojen valokuvien pohjalta n\u00e4yttelyit\u00e4 sek\u00e4 kuvakalentereita.&nbsp;&nbsp;Vuosittain yhdistys j\u00e4rjest\u00e4\u00e4 my\u00f6s niin sanotut vihtatalkoot ja retki\u00e4. Seura on Suomen Kotiseutuliiton j\u00e4senyhdistys.<\/p>\n","protected":false},"author":1,"featured_media":0,"parent":0,"menu_order":0,"comment_status":"closed","ping_status":"closed","template":"","meta":{"footnotes":""},"class_list":["post-758","page","type-page","status-publish","hentry"],"_links":{"self":[{"href":"https:\/\/salo-uskelanseura.fi\/index.php\/wp-json\/wp\/v2\/pages\/758","targetHints":{"allow":["GET"]}}],"collection":[{"href":"https:\/\/salo-uskelanseura.fi\/index.php\/wp-json\/wp\/v2\/pages"}],"about":[{"href":"https:\/\/salo-uskelanseura.fi\/index.php\/wp-json\/wp\/v2\/types\/page"}],"author":[{"embeddable":true,"href":"https:\/\/salo-uskelanseura.fi\/index.php\/wp-json\/wp\/v2\/users\/1"}],"replies":[{"embeddable":true,"href":"https:\/\/salo-uskelanseura.fi\/index.php\/wp-json\/wp\/v2\/comments?post=758"}],"version-history":[{"count":10,"href":"https:\/\/salo-uskelanseura.fi\/index.php\/wp-json\/wp\/v2\/pages\/758\/revisions"}],"predecessor-version":[{"id":1124,"href":"https:\/\/salo-uskelanseura.fi\/index.php\/wp-json\/wp\/v2\/pages\/758\/revisions\/1124"}],"wp:attachment":[{"href":"https:\/\/salo-uskelanseura.fi\/index.php\/wp-json\/wp\/v2\/media?parent=758"}],"curies":[{"name":"wp","href":"https:\/\/api.w.org\/{rel}","templated":true}]}}