{"id":5,"date":"2019-01-31T09:57:20","date_gmt":"2019-01-31T09:57:20","guid":{"rendered":"http:\/\/salo-uskelanseura.fi\/?page_id=5"},"modified":"2026-01-12T08:14:56","modified_gmt":"2026-01-12T06:14:56","slug":"salo-uskelan-seuran-johtokunta","status":"publish","type":"page","link":"https:\/\/salo-uskelanseura.fi\/index.php\/salo-uskelan-seuran-johtokunta\/","title":{"rendered":"Johtokunta vuodelle 2026"},"content":{"rendered":"\n<p>S\u00e4hk\u00f6posti: salouskelanseura @gmail.com<\/p>\n\n\n\n<p><strong>Janne V\u00e4ist\u00f6, puheenjohtaja<\/strong>, P. 050 3536224 <br><strong>Anni Ala-Rakkola-Kara<\/strong>, sihteeri, arkisto, P. 040 5009741<br><strong>Kati Haapala<\/strong>, taloudenhoitaja, j\u00e4senvastaava, tietotekniikka, arkisto<br><strong>Mirja Jokinen<\/strong>, Hakastaron koulun kummiasiat<br><strong>Pirjo Juusela-Sarasmo<\/strong>,<br><strong>Hannu Klaavu<\/strong>, Nakolinnan huoltoasiat<br><strong>Jaana Lietz\u00e9n<\/strong>,<br><strong>Anne-Maarit Niemel\u00e4<\/strong>, varapuheenjohtaja<\/br><strong>Liisa Saarinen<\/strong>, nettivastaava, kuva- ja tietopalvelu\n\n\n\n<figure class=\"wp-block-image\"><img loading=\"lazy\" decoding=\"async\" width=\"650\" height=\"420\" src=\"http:\/\/salo-uskelanseura.fi\/wp-content\/uploads\/2019\/01\/E.-I.-Kallio-sivu23-kuva55_72dpi.jpg\" alt=\"\" class=\"wp-image-121\" srcset=\"https:\/\/salo-uskelanseura.fi\/wp-content\/uploads\/2019\/01\/E.-I.-Kallio-sivu23-kuva55_72dpi.jpg 650w, https:\/\/salo-uskelanseura.fi\/wp-content\/uploads\/2019\/01\/E.-I.-Kallio-sivu23-kuva55_72dpi-300x194.jpg 300w\" sizes=\"auto, (max-width: 650px) 100vw, 650px\" \/><figcaption class=\"wp-element-caption\">E.I. Kallion kuvakokoelma<\/figcaption><\/figure>\n\n\n\n<p>Salo-Uskelan Seura ry valitsi syyskokouksessaan 13.10.2025 puheenjohtajaksi Janne V\u00e4ist\u00f6n. Muut yhdistyksen johtokunnan j\u00e4senet vuonna 2026 ovat: Anni Ala-Rakkola-Kara, Kati Haapala, Mirja Jokinen, Pirjo Juusela-Sarasmo, Hannu Klaavu, Jaana Lietz\u00e9n, Anne-Maarit Niemel\u00e4 ja Liisa Saarinen.<\/p>\n\n\n\n<p><\/p>\n","protected":false},"excerpt":{"rendered":"<p>S\u00e4hk\u00f6posti: salouskelanseura @gmail.com Janne V\u00e4ist\u00f6, puheenjohtaja, P. 050 3536224 Anni Ala-Rakkola-Kara, sihteeri, arkisto, P. 040 5009741Kati Haapala, taloudenhoitaja, j\u00e4senvastaava, tietotekniikka, arkistoMirja Jokinen, Hakastaron koulun kummiasiatPirjo Juusela-Sarasmo,Hannu Klaavu, Nakolinnan huoltoasiatJaana Lietz\u00e9n,Anne-Maarit Niemel\u00e4, varapuheenjohtajaLiisa Saarinen, nettivastaava, kuva- ja tietopalvelu Salo-Uskelan Seura ry valitsi syyskokouksessaan 13.10.2025 puheenjohtajaksi Janne V\u00e4ist\u00f6n. Muut yhdistyksen johtokunnan j\u00e4senet vuonna 2026 ovat: Anni Ala-Rakkola-Kara, [&hellip;]<\/p>\n","protected":false},"author":1,"featured_media":0,"parent":0,"menu_order":0,"comment_status":"closed","ping_status":"closed","template":"","meta":{"footnotes":""},"class_list":["post-5","page","type-page","status-publish","hentry"],"_links":{"self":[{"href":"https:\/\/salo-uskelanseura.fi\/index.php\/wp-json\/wp\/v2\/pages\/5","targetHints":{"allow":["GET"]}}],"collection":[{"href":"https:\/\/salo-uskelanseura.fi\/index.php\/wp-json\/wp\/v2\/pages"}],"about":[{"href":"https:\/\/salo-uskelanseura.fi\/index.php\/wp-json\/wp\/v2\/types\/page"}],"author":[{"embeddable":true,"href":"https:\/\/salo-uskelanseura.fi\/index.php\/wp-json\/wp\/v2\/users\/1"}],"replies":[{"embeddable":true,"href":"https:\/\/salo-uskelanseura.fi\/index.php\/wp-json\/wp\/v2\/comments?post=5"}],"version-history":[{"count":37,"href":"https:\/\/salo-uskelanseura.fi\/index.php\/wp-json\/wp\/v2\/pages\/5\/revisions"}],"predecessor-version":[{"id":1202,"href":"https:\/\/salo-uskelanseura.fi\/index.php\/wp-json\/wp\/v2\/pages\/5\/revisions\/1202"}],"wp:attachment":[{"href":"https:\/\/salo-uskelanseura.fi\/index.php\/wp-json\/wp\/v2\/media?parent=5"}],"curies":[{"name":"wp","href":"https:\/\/api.w.org\/{rel}","templated":true}]}}