{"id":44,"date":"2019-01-31T12:51:50","date_gmt":"2019-01-31T10:51:50","guid":{"rendered":"http:\/\/salo-uskelanseura.fi\/?page_id=44"},"modified":"2026-02-26T07:09:38","modified_gmt":"2026-02-26T05:09:38","slug":"valokuva-arkisto","status":"publish","type":"page","link":"https:\/\/salo-uskelanseura.fi\/index.php\/valokuva-arkisto\/","title":{"rendered":"Valokuva-arkisto"},"content":{"rendered":"\n<p>Seuralla on mittava valokuva-arkisto, joka koostuu useasta kokoelmasta. Kuvia on yhteens\u00e4 noin 16 500. Valokuvia on tallennettu digitaaliseen muotoon viime vuosien aikana ja samalla niiden tiedot on asiasanotettu ja luetteloitu&nbsp;s\u00e4hk\u00f6iseen tietokantaan. Digitaalisesti varmuuskopioidut kuvat ovat helposti selattavissa ja ovat tulevaisuudessa esim. internetin v\u00e4lityksell\u00e4 suuremman yleis\u00f6n k\u00e4ytett\u00e4viss\u00e4. Suurin lahjoitus on saatu Arvo Sauralta, jonka kuvia seuralla on noin 4 000. My\u00f6s Niilo Kallion kokoelma, yli 400 kuvaa, on merkitt\u00e4v\u00e4.<\/p>\n\n\n\n<figure class=\"wp-block-image\"><img loading=\"lazy\" decoding=\"async\" width=\"500\" height=\"331\" src=\"http:\/\/salo-uskelanseura.fi\/wp-content\/uploads\/2019\/01\/skannaajat-1.jpg\" alt=\"\" class=\"wp-image-94\" srcset=\"https:\/\/salo-uskelanseura.fi\/wp-content\/uploads\/2019\/01\/skannaajat-1.jpg 500w, https:\/\/salo-uskelanseura.fi\/wp-content\/uploads\/2019\/01\/skannaajat-1-300x199.jpg 300w\" sizes=\"auto, (max-width: 500px) 100vw, 500px\" \/><figcaption class=\"wp-element-caption\">Salo-Uskelan Seura ty\u00f6llist\u00e4\u00e4 vuosittain nuoria salolaisia kuva-arkistoty\u00f6h\u00f6n. Roosa Kaukonen ja Hanna-Mari Niemel\u00e4 skannaavat kuvia Nakolinnassa. (Kuva: Jere Kupari)<\/figcaption><\/figure>\n\n\n\n<p>Salo-Uskelan Seuran kuva-arkisto on t\u00e4rke\u00e4 kuval\u00e4hde monelle vanhoja kuvia etsiv\u00e4lle. Vuosien aikana yhdistys on ottanut talteen runsaasti eri kokoelmia, jotka muutoin olisi h\u00e4vitetty ja kadonneet. Yhdistys ottaa mielell\u00e4\u00e4n vastaan uusia kuvalahjoituksia ja n\u00e4in vaalii kotiseutuperinteen tallentamista seudulla. Kuvat digitoidaan nykyisin yhdistyksen kuva-arkistoon ja asiasanoitetaan, jolloin niiden k\u00e4ytt\u00f6 helpottuu. Katso kuvank\u00e4ytt\u00f6hinnastomme ja -ehtomme kohdasta <a href=\"https:\/\/salo-uskelanseura.fi\/index.php\/myytavat-tuotteet\/\" data-type=\"URL\" data-id=\"https:\/\/salo-uskelanseura.fi\/index.php\/myytavat-tuotteet\/\" target=\"_blank\" rel=\"noreferrer noopener\">myyt\u00e4v\u00e4t tuotteet<\/a>.<\/p>\n\n\n\n<p>Otamme vastaan ensisijaisesti vanhan Salon ja Uskelan historiaan liittyv\u00e4\u00e4 kuva- ja arkistoaineistoa.<\/p>\n\n\n\n<p>Yhdistys vastaanotti 2018 Salon paikalliskanavan videonauhat, joiden digitointi aloitettiin vuonna 2019. Paikalliskanavan toiminta p\u00e4\u00e4ttyi 2005 ehditty\u00e4\u00e4n toimia parikymment\u00e4 vuotta. Talteen otetut nauhat sis\u00e4lt\u00e4v\u00e4t runsaasti muun muassa henkil\u00f6haastatteluja eri aiheista sek\u00e4 hauskoja muistoja seudun tapahtumista. Videonauhoja on digitoitu 2825 kpl.<\/p>\n\n\n\n<p>Kuvatiedusteluista ja lahjoituksista yhteydenotot osoitteeseen: salouskelanseura at gmail.com.<\/p>\n\n\n\n<p><\/p>\n","protected":false},"excerpt":{"rendered":"<p>Seuralla on mittava valokuva-arkisto, joka koostuu useasta kokoelmasta. Kuvia on yhteens\u00e4 noin 16 500. Valokuvia on tallennettu digitaaliseen muotoon viime vuosien aikana ja samalla niiden tiedot on asiasanotettu ja luetteloitu&nbsp;s\u00e4hk\u00f6iseen tietokantaan. Digitaalisesti varmuuskopioidut kuvat ovat helposti selattavissa ja ovat tulevaisuudessa esim. internetin v\u00e4lityksell\u00e4 suuremman yleis\u00f6n k\u00e4ytett\u00e4viss\u00e4. Suurin lahjoitus on saatu Arvo Sauralta, jonka kuvia seuralla [&hellip;]<\/p>\n","protected":false},"author":1,"featured_media":0,"parent":0,"menu_order":0,"comment_status":"closed","ping_status":"closed","template":"","meta":{"footnotes":""},"class_list":["post-44","page","type-page","status-publish","hentry"],"_links":{"self":[{"href":"https:\/\/salo-uskelanseura.fi\/index.php\/wp-json\/wp\/v2\/pages\/44","targetHints":{"allow":["GET"]}}],"collection":[{"href":"https:\/\/salo-uskelanseura.fi\/index.php\/wp-json\/wp\/v2\/pages"}],"about":[{"href":"https:\/\/salo-uskelanseura.fi\/index.php\/wp-json\/wp\/v2\/types\/page"}],"author":[{"embeddable":true,"href":"https:\/\/salo-uskelanseura.fi\/index.php\/wp-json\/wp\/v2\/users\/1"}],"replies":[{"embeddable":true,"href":"https:\/\/salo-uskelanseura.fi\/index.php\/wp-json\/wp\/v2\/comments?post=44"}],"version-history":[{"count":16,"href":"https:\/\/salo-uskelanseura.fi\/index.php\/wp-json\/wp\/v2\/pages\/44\/revisions"}],"predecessor-version":[{"id":1224,"href":"https:\/\/salo-uskelanseura.fi\/index.php\/wp-json\/wp\/v2\/pages\/44\/revisions\/1224"}],"wp:attachment":[{"href":"https:\/\/salo-uskelanseura.fi\/index.php\/wp-json\/wp\/v2\/media?parent=44"}],"curies":[{"name":"wp","href":"https:\/\/api.w.org\/{rel}","templated":true}]}}