{"id":37,"date":"2019-01-31T12:31:19","date_gmt":"2019-01-31T10:31:19","guid":{"rendered":"http:\/\/salo-uskelanseura.fi\/?page_id=37"},"modified":"2025-09-30T11:58:41","modified_gmt":"2025-09-30T09:58:41","slug":"kartta","status":"publish","type":"page","link":"https:\/\/salo-uskelanseura.fi\/index.php\/kartta\/","title":{"rendered":"Nakolinna"},"content":{"rendered":"\n<p>Nakolinnan alueen kartta. Sijainti: Meriniitynpuisto, 24100 Salo.<br>L\u00e4hell\u00e4 kulkevan <a href=\"https:\/\/kohteet.visitsalo.fi\/nakolinnan-luontopolku\/\" target=\"_blank\" rel=\"noreferrer noopener\">Nakolinnan luontopolun<\/a> osoite on Meriniitynkatu 35. Ajo-ohje: Turku\u2013Helsinki 110-tien ja Halikon risteyksest\u00e4 aja Meriniitynkatua Meriniittyyn p\u00e4in noin 1 km. K\u00e4\u00e4nny vasemmalle noin 100 m ennen Myllyojankadun risteyst\u00e4 (s\u00e4hk\u00f6muuntajan j\u00e4lkeen). Aja hiekkatiet\u00e4 yl\u00e4m\u00e4keen.<\/p>\n\n\n\n<figure class=\"wp-block-image\"><img loading=\"lazy\" decoding=\"async\" width=\"500\" height=\"345\" src=\"http:\/\/salo-uskelanseura.fi\/wp-content\/uploads\/2019\/01\/nakolinnaluontopolku-1.jpg\" alt=\"\" class=\"wp-image-97\" srcset=\"https:\/\/salo-uskelanseura.fi\/wp-content\/uploads\/2019\/01\/nakolinnaluontopolku-1.jpg 500w, https:\/\/salo-uskelanseura.fi\/wp-content\/uploads\/2019\/01\/nakolinnaluontopolku-1-300x207.jpg 300w\" sizes=\"auto, (max-width: 500px) 100vw, 500px\" \/><figcaption class=\"wp-element-caption\">Nakolinnan luontopolusta on tietoa my\u00f6s Salon kaupungin sivuilla.<\/figcaption><\/figure>\n\n\n\n<p><\/p>\n","protected":false},"excerpt":{"rendered":"<p>Nakolinnan alueen kartta. Sijainti: Meriniitynpuisto, 24100 Salo.L\u00e4hell\u00e4 kulkevan Nakolinnan luontopolun osoite on Meriniitynkatu 35. Ajo-ohje: Turku\u2013Helsinki 110-tien ja Halikon risteyksest\u00e4 aja Meriniitynkatua Meriniittyyn p\u00e4in noin 1 km. K\u00e4\u00e4nny vasemmalle noin 100 m ennen Myllyojankadun risteyst\u00e4 (s\u00e4hk\u00f6muuntajan j\u00e4lkeen). Aja hiekkatiet\u00e4 yl\u00e4m\u00e4keen.<\/p>\n","protected":false},"author":1,"featured_media":0,"parent":0,"menu_order":0,"comment_status":"closed","ping_status":"closed","template":"","meta":{"footnotes":""},"class_list":["post-37","page","type-page","status-publish","hentry"],"_links":{"self":[{"href":"https:\/\/salo-uskelanseura.fi\/index.php\/wp-json\/wp\/v2\/pages\/37","targetHints":{"allow":["GET"]}}],"collection":[{"href":"https:\/\/salo-uskelanseura.fi\/index.php\/wp-json\/wp\/v2\/pages"}],"about":[{"href":"https:\/\/salo-uskelanseura.fi\/index.php\/wp-json\/wp\/v2\/types\/page"}],"author":[{"embeddable":true,"href":"https:\/\/salo-uskelanseura.fi\/index.php\/wp-json\/wp\/v2\/users\/1"}],"replies":[{"embeddable":true,"href":"https:\/\/salo-uskelanseura.fi\/index.php\/wp-json\/wp\/v2\/comments?post=37"}],"version-history":[{"count":9,"href":"https:\/\/salo-uskelanseura.fi\/index.php\/wp-json\/wp\/v2\/pages\/37\/revisions"}],"predecessor-version":[{"id":1106,"href":"https:\/\/salo-uskelanseura.fi\/index.php\/wp-json\/wp\/v2\/pages\/37\/revisions\/1106"}],"wp:attachment":[{"href":"https:\/\/salo-uskelanseura.fi\/index.php\/wp-json\/wp\/v2\/media?parent=37"}],"curies":[{"name":"wp","href":"https:\/\/api.w.org\/{rel}","templated":true}]}}