{"id":209,"date":"2019-06-29T10:59:17","date_gmt":"2019-06-29T08:59:17","guid":{"rendered":"http:\/\/salo-uskelanseura.fi\/?page_id=209"},"modified":"2025-01-16T22:44:46","modified_gmt":"2025-01-16T20:44:46","slug":"salon-joutsenvaakuna","status":"publish","type":"page","link":"https:\/\/salo-uskelanseura.fi\/index.php\/salon-joutsenvaakuna\/","title":{"rendered":"Salon ja Uskelan kotiseutuvaakunat"},"content":{"rendered":"<div class=\"wp-block-image\">\n<figure class=\"aligncenter size-full is-resized\"><img loading=\"lazy\" decoding=\"async\" width=\"138\" height=\"200\" src=\"https:\/\/salo-uskelanseura.fi\/wp-content\/uploads\/2022\/11\/Salon_vaakuna_sus2.png\" alt=\"\" class=\"wp-image-809\" style=\"width:251px;height:auto\"\/><\/figure>\n<\/div>\n\n<p><strong>Salon vanha vaakuna<\/strong><br \/>Alkuper\u00e4inen Salon kauppalalle 24. syyskuuta 1949 vahvistettu vaakuna perustui taidemaalari Johan Jacob (Jac) Ahrenbergin vuonna 1902 tekem\u00e4\u00e4n ehdotukseen. Sen vaakunaselitys kuului seuraavasti: \u201dSinisess\u00e4 kilvess\u00e4 kultaisella aaltoviivalla uiva hopeinen joutsen ja sen yl\u00e4puolella hopeinen lilja; vasemmassa kolkassa oikealta esiin ty\u00f6ntyv\u00e4 haarniskoitu, pistoolia pitelev\u00e4 k\u00e4sivarsi. Kilven p\u00e4\u00e4ll\u00e4 herttuankruunu.<\/p>\n\n\n<p><\/p>\n\n\n\n<p><\/p>\n\n\n<div class=\"wp-block-image\">\n<figure class=\"aligncenter size-full is-resized\"><img loading=\"lazy\" decoding=\"async\" width=\"910\" height=\"1007\" src=\"https:\/\/salo-uskelanseura.fi\/wp-content\/uploads\/2025\/01\/Screenshot_20250116_222854_Microsoft-365-Office.jpg\" alt=\"\" class=\"wp-image-1038\" style=\"width:259px;height:auto\" srcset=\"https:\/\/salo-uskelanseura.fi\/wp-content\/uploads\/2025\/01\/Screenshot_20250116_222854_Microsoft-365-Office.jpg 910w, https:\/\/salo-uskelanseura.fi\/wp-content\/uploads\/2025\/01\/Screenshot_20250116_222854_Microsoft-365-Office-271x300.jpg 271w, https:\/\/salo-uskelanseura.fi\/wp-content\/uploads\/2025\/01\/Screenshot_20250116_222854_Microsoft-365-Office-768x850.jpg 768w\" sizes=\"auto, (max-width: 910px) 100vw, 910px\" \/><\/figure>\n<\/div>\n\n\n<p><strong>Uskelan vaakuna<\/strong><br>Vuonna 1952 Uskelan kunnanvaltuusto valitsi kolmesta ehdotuksesta Gustav von Numersin suunnitteleman vaakunan, jossa punaisessa kent\u00e4ss\u00e4 kaksi hopeista h\u00e4r\u00e4nsarvea muodostaa U-kirjaimen. Sarvien v\u00e4liss\u00e4 on kultainen lilja.<\/p>\n\n\n\n<p>SALON JA USKELAN KOTISEUTUVAAKUNOIDEN K\u00c4YTT\u00d6OIKEUS<\/p>\n\n\n\n<p>Salo-Uskelan Seura on hallinnoinut vuoden 2009 kuntaliitoksen j\u00e4lkeen Salon vanhan joutsenvaakunan ja Uskelan kunnanvaakunan k\u00e4ytt\u00f6\u00e4.<\/p>\n\n\n\n<p>Anomus Salon joutsenvaakunan tai Uskelan vaakunan k\u00e4yt\u00f6st\u00e4 tehd\u00e4\u00e4n Salo-Uskelan Seuralle (salouskelanseura@gmail.com).<\/p>\n\n\n\n<p>Anomukseen liitet\u00e4\u00e4n tiedot k\u00e4ytt\u00f6tarkoituksesta ja suunnittelijasta sek\u00e4 mallikuva tuotteesta. Suunnittelussa on huomioitava arvokas heraldinen perint\u00f6. K\u00e4ytt\u00f6oikeus my\u00f6nnet\u00e4\u00e4n kerrallaan yhteen k\u00e4ytt\u00f6tarkoitukseen. Vaakunaa ei saa k\u00e4ytt\u00e4\u00e4 ennen Salo-Uskelan Seura ry:n johtokunnan hyv\u00e4ksynt\u00e4\u00e4.<\/p>\n","protected":false},"excerpt":{"rendered":"<p>Salon vanha vaakunaAlkuper\u00e4inen Salon kauppalalle 24. syyskuuta 1949 vahvistettu vaakuna perustui taidemaalari Johan Jacob (Jac) Ahrenbergin vuonna 1902 tekem\u00e4\u00e4n ehdotukseen. Sen vaakunaselitys kuului seuraavasti: \u201dSinisess\u00e4 kilvess\u00e4 kultaisella aaltoviivalla uiva hopeinen joutsen ja sen yl\u00e4puolella hopeinen lilja; vasemmassa kolkassa oikealta esiin ty\u00f6ntyv\u00e4 haarniskoitu, pistoolia pitelev\u00e4 k\u00e4sivarsi. Kilven p\u00e4\u00e4ll\u00e4 herttuankruunu. Uskelan vaakunaVuonna 1952 Uskelan kunnanvaltuusto valitsi kolmesta [&hellip;]<\/p>\n","protected":false},"author":1,"featured_media":0,"parent":0,"menu_order":0,"comment_status":"closed","ping_status":"closed","template":"","meta":{"footnotes":""},"class_list":["post-209","page","type-page","status-publish","hentry"],"_links":{"self":[{"href":"https:\/\/salo-uskelanseura.fi\/index.php\/wp-json\/wp\/v2\/pages\/209","targetHints":{"allow":["GET"]}}],"collection":[{"href":"https:\/\/salo-uskelanseura.fi\/index.php\/wp-json\/wp\/v2\/pages"}],"about":[{"href":"https:\/\/salo-uskelanseura.fi\/index.php\/wp-json\/wp\/v2\/types\/page"}],"author":[{"embeddable":true,"href":"https:\/\/salo-uskelanseura.fi\/index.php\/wp-json\/wp\/v2\/users\/1"}],"replies":[{"embeddable":true,"href":"https:\/\/salo-uskelanseura.fi\/index.php\/wp-json\/wp\/v2\/comments?post=209"}],"version-history":[{"count":24,"href":"https:\/\/salo-uskelanseura.fi\/index.php\/wp-json\/wp\/v2\/pages\/209\/revisions"}],"predecessor-version":[{"id":1048,"href":"https:\/\/salo-uskelanseura.fi\/index.php\/wp-json\/wp\/v2\/pages\/209\/revisions\/1048"}],"wp:attachment":[{"href":"https:\/\/salo-uskelanseura.fi\/index.php\/wp-json\/wp\/v2\/media?parent=209"}],"curies":[{"name":"wp","href":"https:\/\/api.w.org\/{rel}","templated":true}]}}