{"id":132,"date":"2019-02-01T08:02:32","date_gmt":"2019-02-01T06:02:32","guid":{"rendered":"http:\/\/salo-uskelanseura.fi\/?page_id=132"},"modified":"2025-01-21T09:09:30","modified_gmt":"2025-01-21T07:09:30","slug":"liity-jaseneksi","status":"publish","type":"page","link":"https:\/\/salo-uskelanseura.fi\/index.php\/liity-jaseneksi\/","title":{"rendered":"Liity j\u00e4seneksi"},"content":{"rendered":"\n<p>J\u00e4senmaksu on 15 e \/ vuosi ja perheenj\u00e4senelt\u00e4 5 e \/ vuosi. J\u00e4senmaksulla saat Hakastarolaisen tai v\u00e4livuosina Salo-kuvakalenterin kotiinkannettuna.<\/p>\n\n\n\n<p>J\u00e4seneksi voi liitty\u00e4 maksamalla j\u00e4senmaksun Salo-Uskelan Seuran tilille FI80 5410 0240 0274 10.<\/p>\n\n\n\n<p>L\u00e4het\u00e4 samalla s\u00e4hk\u00f6posti- ja postiosoitteesi sek\u00e4 puhelinnumerosi j\u00e4senviestint\u00e4\u00e4 varten osoitteeseen salouskelanseura(at)gmail.com. Ilmoita viestiss\u00e4 my\u00f6s suostumuksesi yhteystietojesi tallettamiseen seuran j\u00e4senrekisteriin.<\/p>\n\n\n\n<p>Tervetuloa j\u00e4seneksi!<\/p>\n\n\n\n<figure class=\"wp-block-image\"><img loading=\"lazy\" decoding=\"async\" width=\"650\" height=\"412\" src=\"http:\/\/salo-uskelanseura.fi\/wp-content\/uploads\/2019\/01\/laiva_72dpi.jpg\" alt=\"\" class=\"wp-image-115\" srcset=\"https:\/\/salo-uskelanseura.fi\/wp-content\/uploads\/2019\/01\/laiva_72dpi.jpg 650w, https:\/\/salo-uskelanseura.fi\/wp-content\/uploads\/2019\/01\/laiva_72dpi-300x190.jpg 300w\" sizes=\"auto, (max-width: 650px) 100vw, 650px\" \/><\/figure>\n","protected":false},"excerpt":{"rendered":"<p>J\u00e4senmaksu on 15 e \/ vuosi ja perheenj\u00e4senelt\u00e4 5 e \/ vuosi. J\u00e4senmaksulla saat Hakastarolaisen tai v\u00e4livuosina Salo-kuvakalenterin kotiinkannettuna. J\u00e4seneksi voi liitty\u00e4 maksamalla j\u00e4senmaksun Salo-Uskelan Seuran tilille FI80 5410 0240 0274 10. L\u00e4het\u00e4 samalla s\u00e4hk\u00f6posti- ja postiosoitteesi sek\u00e4 puhelinnumerosi j\u00e4senviestint\u00e4\u00e4 varten osoitteeseen salouskelanseura(at)gmail.com. Ilmoita viestiss\u00e4 my\u00f6s suostumuksesi yhteystietojesi tallettamiseen seuran j\u00e4senrekisteriin. Tervetuloa j\u00e4seneksi!<\/p>\n","protected":false},"author":1,"featured_media":0,"parent":0,"menu_order":0,"comment_status":"closed","ping_status":"closed","template":"","meta":{"footnotes":""},"class_list":["post-132","page","type-page","status-publish","hentry"],"_links":{"self":[{"href":"https:\/\/salo-uskelanseura.fi\/index.php\/wp-json\/wp\/v2\/pages\/132","targetHints":{"allow":["GET"]}}],"collection":[{"href":"https:\/\/salo-uskelanseura.fi\/index.php\/wp-json\/wp\/v2\/pages"}],"about":[{"href":"https:\/\/salo-uskelanseura.fi\/index.php\/wp-json\/wp\/v2\/types\/page"}],"author":[{"embeddable":true,"href":"https:\/\/salo-uskelanseura.fi\/index.php\/wp-json\/wp\/v2\/users\/1"}],"replies":[{"embeddable":true,"href":"https:\/\/salo-uskelanseura.fi\/index.php\/wp-json\/wp\/v2\/comments?post=132"}],"version-history":[{"count":11,"href":"https:\/\/salo-uskelanseura.fi\/index.php\/wp-json\/wp\/v2\/pages\/132\/revisions"}],"predecessor-version":[{"id":1053,"href":"https:\/\/salo-uskelanseura.fi\/index.php\/wp-json\/wp\/v2\/pages\/132\/revisions\/1053"}],"wp:attachment":[{"href":"https:\/\/salo-uskelanseura.fi\/index.php\/wp-json\/wp\/v2\/media?parent=132"}],"curies":[{"name":"wp","href":"https:\/\/api.w.org\/{rel}","templated":true}]}}